{"id":329,"date":"2018-03-02T14:58:01","date_gmt":"2018-03-02T18:58:01","guid":{"rendered":"http:\/\/new.duverge.gob.do\/transparencia\/?page_id=329"},"modified":"2018-03-02T14:58:56","modified_gmt":"2018-03-02T18:58:56","slug":"como-ser-proveedor","status":"publish","type":"page","link":"https:\/\/ayuntamientoduverge.gob.do\/transparencia\/como-ser-proveedor\/","title":{"rendered":"\u00bfC\u00f3mo ser proveedor?"},"content":{"rendered":"<p>Los proveedores interesados en ofrecer bienes y servicios a la Ayuntamiento Duverg\u00e9 deben cumplir con los siguientes requisitos:<\/p>\n<ol>\n<li>Contar con el Registro de Proveedores del Estado (RPE), seg\u00fan lo establecido en el portal\u00a0<a href=\"http:\/\/comprasdominicana.gov.do\/web\/guest\/portada\" target=\"_blank\" rel=\"noopener\">http:\/\/comprasdominicana.gov.do\/web\/guest\/portada<\/a>.<\/li>\n<li>Estar al d\u00eda en el pago de sus obligaciones fiscales.<\/li>\n<li>Depositar en el Departamento de Compras* un Portafolio de Negocios que incluya:\n<ol>\n<li>Descripci\u00f3n de la empresa<\/li>\n<li>Bienes y servicios ofrecidos<\/li>\n<li>Servicios de valor a\u00f1adido<\/li>\n<li>Experiencia en el mercado<\/li>\n<li>Referencias comerciales<\/li>\n<li>T\u00e9rminos de pago<\/li>\n<li>T\u00e9rminos de entrega<\/li>\n<\/ol>\n<\/li>\n<li>Participar de los procesos de las compras y contrataciones publicados a trav\u00e9s de este portal y la Direcci\u00f3n General de Contrataciones P\u00fablicas\u00a0<a href=\"http:\/\/comprasdominicana.gov.do\/web\/guest\/portada\" target=\"_blank\" rel=\"noopener\">http:\/\/comprasdominicana.gov.do\/web\/guest\/portada<\/a>\u00a0y en el portal de nuestra organizaci\u00f3n gubernamental en la secci\u00f3n de transparencia.<\/li>\n<\/ol>\n","protected":false},"excerpt":{"rendered":"Los proveedores interesados en ofrecer bienes y servicios a la Ayuntamiento Duverg\u00e9 deben cumplir con los siguientes requisitos: Contar con el Registro de Proveedores del Estado (RPE), seg\u00fan lo establecido en el portal\u00a0http:\/\/comprasdominicana.gov.do\/web\/guest\/portada. Estar al d\u00eda en el pago de sus obligaciones fiscales. Depositar en el Departamento de Compras* un Portafolio de Negocios que incluya:&#8230;","protected":false},"author":4,"featured_media":0,"parent":0,"menu_order":0,"comment_status":"closed","ping_status":"closed","template":"","meta":[],"acf":[],"_links":{"self":[{"href":"https:\/\/ayuntamientoduverge.gob.do\/transparencia\/wp-json\/wp\/v2\/pages\/329"}],"collection":[{"href":"https:\/\/ayuntamientoduverge.gob.do\/transparencia\/wp-json\/wp\/v2\/pages"}],"about":[{"href":"https:\/\/ayuntamientoduverge.gob.do\/transparencia\/wp-json\/wp\/v2\/types\/page"}],"author":[{"embeddable":true,"href":"https:\/\/ayuntamientoduverge.gob.do\/transparencia\/wp-json\/wp\/v2\/users\/4"}],"replies":[{"embeddable":true,"href":"https:\/\/ayuntamientoduverge.gob.do\/transparencia\/wp-json\/wp\/v2\/comments?post=329"}],"version-history":[{"count":2,"href":"https:\/\/ayuntamientoduverge.gob.do\/transparencia\/wp-json\/wp\/v2\/pages\/329\/revisions"}],"predecessor-version":[{"id":332,"href":"https:\/\/ayuntamientoduverge.gob.do\/transparencia\/wp-json\/wp\/v2\/pages\/329\/revisions\/332"}],"wp:attachment":[{"href":"https:\/\/ayuntamientoduverge.gob.do\/transparencia\/wp-json\/wp\/v2\/media?parent=329"}],"curies":[{"name":"wp","href":"https:\/\/api.w.org\/{rel}","templated":true}]}}