{"id":326,"date":"2018-03-02T14:55:12","date_gmt":"2018-03-02T18:55:12","guid":{"rendered":"http:\/\/new.duverge.gob.do\/transparencia\/?page_id=326"},"modified":"2018-03-02T14:55:12","modified_gmt":"2018-03-02T18:55:12","slug":"lista-de-proveedores","status":"publish","type":"page","link":"https:\/\/ayuntamientoduverge.gob.do\/transparencia\/lista-de-proveedores\/","title":{"rendered":"Lista de Proveedores"},"content":{"rendered":"<p>En cumplimiento con las disposiciones de la Ley 340-06 sobre Compras y Contrataciones, la Ayuntamiento Duverg\u00e9 utiliza \u00fanica y exclusivamente los proveedores calificados por la Direcci\u00f3n General de Contrataciones P\u00fablicas, a trav\u00e9s del Registro de Proveedores del Estado (RPE).<\/p>\n<p>Para consultar los Proveedores Calificados de ofrecer bienes y servicios, favor consultar el siguiente enlace:<\/p>\n<p><a href=\"http:\/\/comprasdominicana.gov.do\/\" target=\"_blank\" rel=\"noopener\">http:\/\/comprasdominicana.gov.do\/<\/a><\/p>\n","protected":false},"excerpt":{"rendered":"En cumplimiento con las disposiciones de la Ley 340-06 sobre Compras y Contrataciones, la Ayuntamiento Duverg\u00e9 utiliza \u00fanica y exclusivamente los proveedores calificados por la Direcci\u00f3n General de Contrataciones P\u00fablicas, a trav\u00e9s del Registro de Proveedores del Estado (RPE). Para consultar los Proveedores Calificados de ofrecer bienes y servicios, favor consultar el siguiente enlace: http:\/\/comprasdominicana.gov.do\/","protected":false},"author":4,"featured_media":0,"parent":0,"menu_order":0,"comment_status":"closed","ping_status":"closed","template":"","meta":[],"acf":[],"_links":{"self":[{"href":"https:\/\/ayuntamientoduverge.gob.do\/transparencia\/wp-json\/wp\/v2\/pages\/326"}],"collection":[{"href":"https:\/\/ayuntamientoduverge.gob.do\/transparencia\/wp-json\/wp\/v2\/pages"}],"about":[{"href":"https:\/\/ayuntamientoduverge.gob.do\/transparencia\/wp-json\/wp\/v2\/types\/page"}],"author":[{"embeddable":true,"href":"https:\/\/ayuntamientoduverge.gob.do\/transparencia\/wp-json\/wp\/v2\/users\/4"}],"replies":[{"embeddable":true,"href":"https:\/\/ayuntamientoduverge.gob.do\/transparencia\/wp-json\/wp\/v2\/comments?post=326"}],"version-history":[{"count":1,"href":"https:\/\/ayuntamientoduverge.gob.do\/transparencia\/wp-json\/wp\/v2\/pages\/326\/revisions"}],"predecessor-version":[{"id":327,"href":"https:\/\/ayuntamientoduverge.gob.do\/transparencia\/wp-json\/wp\/v2\/pages\/326\/revisions\/327"}],"wp:attachment":[{"href":"https:\/\/ayuntamientoduverge.gob.do\/transparencia\/wp-json\/wp\/v2\/media?parent=326"}],"curies":[{"name":"wp","href":"https:\/\/api.w.org\/{rel}","templated":true}]}}