{"id":262,"date":"2018-03-02T13:50:31","date_gmt":"2018-03-02T17:50:31","guid":{"rendered":"http:\/\/new.duverge.gob.do\/transparencia\/?page_id=262"},"modified":"2025-05-30T08:37:07","modified_gmt":"2025-05-30T12:37:07","slug":"responsable-de-acceso-a-la-informacion","status":"publish","type":"page","link":"https:\/\/ayuntamientoduverge.gob.do\/transparencia\/responsable-de-acceso-a-la-informacion\/","title":{"rendered":"Responsable de Acceso a la Informaci\u00f3n"},"content":{"rendered":"<p>\u00a0<\/p>\n<p><span style=\"color: #0000ff\"><b><span style=\"vertical-align: inherit\"><span style=\"vertical-align: inherit\">Gilbert Antonio Decena Rom\u00e1n<\/span><\/span><\/b><\/span><\/p>\n<p><b><span style=\"vertical-align: inherit\"><span style=\"vertical-align: inherit\">Responsable de Acceso a la Informaci\u00f3n (RAI)<\/span><\/span><\/b><br \/><span style=\"vertical-align: inherit\"><span style=\"vertical-align: inherit\"> Correos electr\u00f3nicos y contacto:<\/span><\/span><\/p>\n<p>WhatssApp: 829-670-4756<\/p>\n<p><a href=\"mailto:alcaldiaduverge@gmail.com\"><span style=\"vertical-align: inherit\"><span style=\"vertical-align: inherit\">alcaldiaduverge@gmail.com<\/span><\/span><\/a><\/p>\n<p>\u00a0<\/p>\n\n\n<figure class=\"wp-block-gallery has-nested-images columns-default is-cropped\">\n<figure class=\"wp-block-image size-large\"><img loading=\"lazy\" width=\"700\" height=\"692\" data-id=\"1604\"  src=\"https:\/\/ayuntamientoduverge.gob.do\/transparencia\/wp-content\/uploads\/2025\/05\/e7baa7a4-cec1-4ec5-acc7-ab84f8cda07f-700x692.jpg\" alt=\"\" class=\"wp-image-1604\" srcset=\"https:\/\/ayuntamientoduverge.gob.do\/transparencia\/wp-content\/uploads\/2025\/05\/e7baa7a4-cec1-4ec5-acc7-ab84f8cda07f-700x692.jpg 700w, https:\/\/ayuntamientoduverge.gob.do\/transparencia\/wp-content\/uploads\/2025\/05\/e7baa7a4-cec1-4ec5-acc7-ab84f8cda07f-250x247.jpg 250w, https:\/\/ayuntamientoduverge.gob.do\/transparencia\/wp-content\/uploads\/2025\/05\/e7baa7a4-cec1-4ec5-acc7-ab84f8cda07f-768x759.jpg 768w, https:\/\/ayuntamientoduverge.gob.do\/transparencia\/wp-content\/uploads\/2025\/05\/e7baa7a4-cec1-4ec5-acc7-ab84f8cda07f-1536x1518.jpg 1536w, https:\/\/ayuntamientoduverge.gob.do\/transparencia\/wp-content\/uploads\/2025\/05\/e7baa7a4-cec1-4ec5-acc7-ab84f8cda07f-2048x2023.jpg 2048w, https:\/\/ayuntamientoduverge.gob.do\/transparencia\/wp-content\/uploads\/2025\/05\/e7baa7a4-cec1-4ec5-acc7-ab84f8cda07f-120x119.jpg 120w\" sizes=\"(max-width: 700px) 100vw, 700px\" \/><\/figure>\n<\/figure>\n","protected":false},"excerpt":{"rendered":"\u00a0 Gilbert Antonio Decena Rom\u00e1n Responsable de Acceso a la Informaci\u00f3n (RAI) Correos electr\u00f3nicos y contacto: WhatssApp: 829-670-4756 alcaldiaduverge@gmail.com \u00a0","protected":false},"author":4,"featured_media":0,"parent":0,"menu_order":0,"comment_status":"closed","ping_status":"closed","template":"","meta":[],"acf":[],"_links":{"self":[{"href":"https:\/\/ayuntamientoduverge.gob.do\/transparencia\/wp-json\/wp\/v2\/pages\/262"}],"collection":[{"href":"https:\/\/ayuntamientoduverge.gob.do\/transparencia\/wp-json\/wp\/v2\/pages"}],"about":[{"href":"https:\/\/ayuntamientoduverge.gob.do\/transparencia\/wp-json\/wp\/v2\/types\/page"}],"author":[{"embeddable":true,"href":"https:\/\/ayuntamientoduverge.gob.do\/transparencia\/wp-json\/wp\/v2\/users\/4"}],"replies":[{"embeddable":true,"href":"https:\/\/ayuntamientoduverge.gob.do\/transparencia\/wp-json\/wp\/v2\/comments?post=262"}],"version-history":[{"count":13,"href":"https:\/\/ayuntamientoduverge.gob.do\/transparencia\/wp-json\/wp\/v2\/pages\/262\/revisions"}],"predecessor-version":[{"id":1606,"href":"https:\/\/ayuntamientoduverge.gob.do\/transparencia\/wp-json\/wp\/v2\/pages\/262\/revisions\/1606"}],"wp:attachment":[{"href":"https:\/\/ayuntamientoduverge.gob.do\/transparencia\/wp-json\/wp\/v2\/media?parent=262"}],"curies":[{"name":"wp","href":"https:\/\/api.w.org\/{rel}","templated":true}]}}